{"id":5556,"date":"2023-07-20T23:08:57","date_gmt":"2023-07-20T23:08:57","guid":{"rendered":"http:\/\/kiddy.cws.net\/?page_id=5556"},"modified":"2025-07-07T15:53:46","modified_gmt":"2025-07-07T15:53:46","slug":"tias-2","status":"publish","type":"page","link":"https:\/\/jardininfantilpenequita.cl\/?page_id=5556","title":{"rendered":"Gallery"},"content":{"rendered":"\t\t<div data-elementor-type=\"wp-page\" data-elementor-id=\"5556\" class=\"elementor elementor-5556\" data-elementor-settings=\"[]\">\n\t\t\t\t\t\t<div class=\"elementor-inner\">\n\t\t\t\t\t\t\t<div class=\"elementor-section-wrap\">\n\t\t\t\t\t\t\t<section class=\"elementor-section elementor-top-section elementor-element elementor-element-97641c5 elementor-section-boxed elementor-section-height-default elementor-section-height-default\" data-id=\"97641c5\" data-element_type=\"section\">\n\t\t\t\t\t\t<div class=\"elementor-container elementor-column-gap-default\">\n\t\t\t\t\t\t\t<div class=\"elementor-row\">\n\t\t\t\t\t<div class=\"elementor-column elementor-col-100 elementor-top-column elementor-element elementor-element-bdb9e53\" data-id=\"bdb9e53\" data-element_type=\"column\">\n\t\t\t<div class=\"elementor-column-wrap elementor-element-populated\">\n\t\t\t\t\t\t\t<div class=\"elementor-widget-wrap\">\n\t\t\t\t\t\t<div class=\"elementor-element elementor-element-56e1eaf elementor-widget elementor-widget-image-gallery\" data-id=\"56e1eaf\" data-element_type=\"widget\" data-widget_type=\"image-gallery.default\">\n\t\t\t\t<div class=\"elementor-widget-container\">\n\t\t\t\t\t<div class=\"elementor-image-gallery\">\n\t\t\t\n\t\t<style type=\"text\/css\">\n\t\t\t#gallery-1 {\n\t\t\t\tmargin: auto;\n\t\t\t}\n\t\t\t#gallery-1 .gallery-item {\n\t\t\t\tfloat: left;\n\t\t\t\tmargin-top: 10px;\n\t\t\t\ttext-align: center;\n\t\t\t\twidth: 33%;\n\t\t\t}\n\t\t\t#gallery-1 img {\n\t\t\t\tborder: 2px solid #cfcfcf;\n\t\t\t}\n\t\t\t#gallery-1 .gallery-caption {\n\t\t\t\tmargin-left: 0;\n\t\t\t}\n\t\t\t\/* see gallery_shortcode() in wp-includes\/media.php *\/\n\t\t<\/style>\n\t\t<div id='gallery-1' class='gallery galleryid-5556 gallery-columns-3 gallery-size-medium'><dl class='gallery-item'>\n\t\t\t<dt class='gallery-icon landscape'>\n\t\t\t\t<a data-elementor-open-lightbox=\"no\" href='https:\/\/jardininfantilpenequita.cl\/wp-content\/uploads\/2021\/08\/Maria-Isabel-Loaiza-Directora.jpg'><img loading=\"lazy\" decoding=\"async\" width=\"300\" height=\"300\" src=\"https:\/\/jardininfantilpenequita.cl\/wp-content\/uploads\/2021\/08\/Maria-Isabel-Loaiza-Directora-300x300.jpg\" class=\"attachment-medium size-medium\" alt=\"\" aria-describedby=\"gallery-1-6521\" srcset=\"https:\/\/jardininfantilpenequita.cl\/wp-content\/uploads\/2021\/08\/Maria-Isabel-Loaiza-Directora-300x300.jpg 300w, https:\/\/jardininfantilpenequita.cl\/wp-content\/uploads\/2021\/08\/Maria-Isabel-Loaiza-Directora-1024x1024.jpg 1024w, https:\/\/jardininfantilpenequita.cl\/wp-content\/uploads\/2021\/08\/Maria-Isabel-Loaiza-Directora-150x150.jpg 150w, https:\/\/jardininfantilpenequita.cl\/wp-content\/uploads\/2021\/08\/Maria-Isabel-Loaiza-Directora-1536x1536.jpg 1536w, https:\/\/jardininfantilpenequita.cl\/wp-content\/uploads\/2021\/08\/Maria-Isabel-Loaiza-Directora-2048x2048.jpg 2048w, https:\/\/jardininfantilpenequita.cl\/wp-content\/uploads\/2021\/08\/Maria-Isabel-Loaiza-Directora-100x100.jpg 100w\" sizes=\"auto, (max-width: 300px) 100vw, 300px\" \/><\/a>\n\t\t\t<\/dt>\n\t\t\t\t<dd class='wp-caption-text gallery-caption' id='gallery-1-6521'>\n\t\t\t\tMaria Isabel Leal  -Educadora y directora\n\t\t\t\t<\/dd><\/dl><dl class='gallery-item'>\n\t\t\t<dt class='gallery-icon landscape'>\n\t\t\t\t<a data-elementor-open-lightbox=\"no\" href='https:\/\/jardininfantilpenequita.cl\/wp-content\/uploads\/2021\/08\/Ana-Maria-Silva-Coordinadora.jpg'><img loading=\"lazy\" decoding=\"async\" width=\"300\" height=\"300\" src=\"https:\/\/jardininfantilpenequita.cl\/wp-content\/uploads\/2021\/08\/Ana-Maria-Silva-Coordinadora-300x300.jpg\" class=\"attachment-medium size-medium\" alt=\"\" aria-describedby=\"gallery-1-6523\" srcset=\"https:\/\/jardininfantilpenequita.cl\/wp-content\/uploads\/2021\/08\/Ana-Maria-Silva-Coordinadora-300x300.jpg 300w, https:\/\/jardininfantilpenequita.cl\/wp-content\/uploads\/2021\/08\/Ana-Maria-Silva-Coordinadora-1024x1024.jpg 1024w, https:\/\/jardininfantilpenequita.cl\/wp-content\/uploads\/2021\/08\/Ana-Maria-Silva-Coordinadora-150x150.jpg 150w, https:\/\/jardininfantilpenequita.cl\/wp-content\/uploads\/2021\/08\/Ana-Maria-Silva-Coordinadora-1536x1536.jpg 1536w, https:\/\/jardininfantilpenequita.cl\/wp-content\/uploads\/2021\/08\/Ana-Maria-Silva-Coordinadora-2048x2048.jpg 2048w, https:\/\/jardininfantilpenequita.cl\/wp-content\/uploads\/2021\/08\/Ana-Maria-Silva-Coordinadora-100x100.jpg 100w\" sizes=\"auto, (max-width: 300px) 100vw, 300px\" \/><\/a>\n\t\t\t<\/dt>\n\t\t\t\t<dd class='wp-caption-text gallery-caption' id='gallery-1-6523'>\n\t\t\t\tAna Maria Silva &#8211; Educadora y coordinadora\n\t\t\t\t<\/dd><\/dl><dl class='gallery-item'>\n\t\t\t<dt class='gallery-icon landscape'>\n\t\t\t\t<a data-elementor-open-lightbox=\"no\" href='https:\/\/jardininfantilpenequita.cl\/wp-content\/uploads\/2021\/08\/Jeanette-Gonzalez.jpg'><img loading=\"lazy\" decoding=\"async\" width=\"300\" height=\"300\" src=\"https:\/\/jardininfantilpenequita.cl\/wp-content\/uploads\/2021\/08\/Jeanette-Gonzalez-300x300.jpg\" class=\"attachment-medium size-medium\" alt=\"\" aria-describedby=\"gallery-1-6533\" srcset=\"https:\/\/jardininfantilpenequita.cl\/wp-content\/uploads\/2021\/08\/Jeanette-Gonzalez-300x300.jpg 300w, https:\/\/jardininfantilpenequita.cl\/wp-content\/uploads\/2021\/08\/Jeanette-Gonzalez-1024x1024.jpg 1024w, https:\/\/jardininfantilpenequita.cl\/wp-content\/uploads\/2021\/08\/Jeanette-Gonzalez-150x150.jpg 150w, https:\/\/jardininfantilpenequita.cl\/wp-content\/uploads\/2021\/08\/Jeanette-Gonzalez-1536x1536.jpg 1536w, https:\/\/jardininfantilpenequita.cl\/wp-content\/uploads\/2021\/08\/Jeanette-Gonzalez-2048x2048.jpg 2048w, https:\/\/jardininfantilpenequita.cl\/wp-content\/uploads\/2021\/08\/Jeanette-Gonzalez-100x100.jpg 100w\" sizes=\"auto, (max-width: 300px) 100vw, 300px\" \/><\/a>\n\t\t\t<\/dt>\n\t\t\t\t<dd class='wp-caption-text gallery-caption' id='gallery-1-6533'>\n\t\t\t\tJeanette Gonzalez -T\u00e9cnico en p\u00e1rvulos\n\t\t\t\t<\/dd><\/dl><br style=\"clear: both\" \/><dl class='gallery-item'>\n\t\t\t<dt class='gallery-icon landscape'>\n\t\t\t\t<a data-elementor-open-lightbox=\"no\" href='https:\/\/jardininfantilpenequita.cl\/wp-content\/uploads\/2021\/08\/Viviana-Valenzuela.jpg'><img loading=\"lazy\" decoding=\"async\" width=\"300\" height=\"300\" src=\"https:\/\/jardininfantilpenequita.cl\/wp-content\/uploads\/2021\/08\/Viviana-Valenzuela-300x300.jpg\" class=\"attachment-medium size-medium\" alt=\"\" aria-describedby=\"gallery-1-6531\" srcset=\"https:\/\/jardininfantilpenequita.cl\/wp-content\/uploads\/2021\/08\/Viviana-Valenzuela-300x300.jpg 300w, https:\/\/jardininfantilpenequita.cl\/wp-content\/uploads\/2021\/08\/Viviana-Valenzuela-1024x1024.jpg 1024w, https:\/\/jardininfantilpenequita.cl\/wp-content\/uploads\/2021\/08\/Viviana-Valenzuela-150x150.jpg 150w, https:\/\/jardininfantilpenequita.cl\/wp-content\/uploads\/2021\/08\/Viviana-Valenzuela-1536x1536.jpg 1536w, https:\/\/jardininfantilpenequita.cl\/wp-content\/uploads\/2021\/08\/Viviana-Valenzuela-2048x2048.jpg 2048w, https:\/\/jardininfantilpenequita.cl\/wp-content\/uploads\/2021\/08\/Viviana-Valenzuela-100x100.jpg 100w\" sizes=\"auto, (max-width: 300px) 100vw, 300px\" \/><\/a>\n\t\t\t<\/dt>\n\t\t\t\t<dd class='wp-caption-text gallery-caption' id='gallery-1-6531'>\n\t\t\t\tViviana Valenzuela  -T\u00e9cnico en p\u00e1rvulos\n\t\t\t\t<\/dd><\/dl><dl class='gallery-item'>\n\t\t\t<dt class='gallery-icon portrait'>\n\t\t\t\t<a data-elementor-open-lightbox=\"no\" href='https:\/\/jardininfantilpenequita.cl\/wp-content\/uploads\/2025\/07\/WhatsApp-Image-2025-06-19-at-16.47.58.jpeg'><img loading=\"lazy\" decoding=\"async\" width=\"300\" height=\"300\" src=\"https:\/\/jardininfantilpenequita.cl\/wp-content\/uploads\/2025\/07\/WhatsApp-Image-2025-06-19-at-16.47.58-300x300.jpeg\" class=\"attachment-medium size-medium\" alt=\"\" aria-describedby=\"gallery-1-7539\" srcset=\"https:\/\/jardininfantilpenequita.cl\/wp-content\/uploads\/2025\/07\/WhatsApp-Image-2025-06-19-at-16.47.58-300x300.jpeg 300w, https:\/\/jardininfantilpenequita.cl\/wp-content\/uploads\/2025\/07\/WhatsApp-Image-2025-06-19-at-16.47.58-1024x1024.jpeg 1024w, https:\/\/jardininfantilpenequita.cl\/wp-content\/uploads\/2025\/07\/WhatsApp-Image-2025-06-19-at-16.47.58-150x150.jpeg 150w, https:\/\/jardininfantilpenequita.cl\/wp-content\/uploads\/2025\/07\/WhatsApp-Image-2025-06-19-at-16.47.58-1536x1536.jpeg 1536w, https:\/\/jardininfantilpenequita.cl\/wp-content\/uploads\/2025\/07\/WhatsApp-Image-2025-06-19-at-16.47.58-2048x2048.jpeg 2048w\" sizes=\"auto, (max-width: 300px) 100vw, 300px\" \/><\/a>\n\t\t\t<\/dt>\n\t\t\t\t<dd class='wp-caption-text gallery-caption' id='gallery-1-7539'>\n\t\t\t\tCatalina.- Asistente de la Educaci\u00f3n\n\t\t\t\t<\/dd><\/dl><dl class='gallery-item'>\n\t\t\t<dt class='gallery-icon portrait'>\n\t\t\t\t<a data-elementor-open-lightbox=\"no\" href='https:\/\/jardininfantilpenequita.cl\/wp-content\/uploads\/2025\/07\/WhatsApp-Image-2025-06-19-at-16.48.50.jpeg'><img loading=\"lazy\" decoding=\"async\" width=\"300\" height=\"300\" src=\"https:\/\/jardininfantilpenequita.cl\/wp-content\/uploads\/2025\/07\/WhatsApp-Image-2025-06-19-at-16.48.50-300x300.jpeg\" class=\"attachment-medium size-medium\" alt=\"\" aria-describedby=\"gallery-1-7540\" srcset=\"https:\/\/jardininfantilpenequita.cl\/wp-content\/uploads\/2025\/07\/WhatsApp-Image-2025-06-19-at-16.48.50-300x300.jpeg 300w, https:\/\/jardininfantilpenequita.cl\/wp-content\/uploads\/2025\/07\/WhatsApp-Image-2025-06-19-at-16.48.50-1024x1024.jpeg 1024w, https:\/\/jardininfantilpenequita.cl\/wp-content\/uploads\/2025\/07\/WhatsApp-Image-2025-06-19-at-16.48.50-150x150.jpeg 150w, https:\/\/jardininfantilpenequita.cl\/wp-content\/uploads\/2025\/07\/WhatsApp-Image-2025-06-19-at-16.48.50-1536x1536.jpeg 1536w, https:\/\/jardininfantilpenequita.cl\/wp-content\/uploads\/2025\/07\/WhatsApp-Image-2025-06-19-at-16.48.50-2048x2048.jpeg 2048w\" sizes=\"auto, (max-width: 300px) 100vw, 300px\" \/><\/a>\n\t\t\t<\/dt>\n\t\t\t\t<dd class='wp-caption-text gallery-caption' id='gallery-1-7540'>\n\t\t\t\tGu\u00edsela -Auxiliar de aseo\n\t\t\t\t<\/dd><\/dl><br style=\"clear: both\" \/>\n\t\t<\/div>\n\t\t<\/div>\n\t\t\t\t<\/div>\n\t\t\t\t<\/div>\n\t\t\t\t\t\t<\/div>\n\t\t\t\t\t<\/div>\n\t\t<\/div>\n\t\t\t\t\t\t\t\t<\/div>\n\t\t\t\t\t<\/div>\n\t\t<\/section>\n\t\t\t\t\t\t<\/div>\n\t\t\t\t\t\t<\/div>\n\t\t\t\t\t<\/div>\n\t\t","protected":false},"excerpt":{"rendered":"<p>Maria Isabel Leal -Educadora y directora Ana Maria Silva &#8211; Educadora y coordinadora Jeanette Gonzalez -T\u00e9cnico en p\u00e1rvulos Viviana Valenzuela -T\u00e9cnico en p\u00e1rvulos Catalina.- Asistente de la Educaci\u00f3n Guisella -Auxiliar de aseo<\/p>\n","protected":false},"author":1,"featured_media":0,"parent":0,"menu_order":0,"comment_status":"closed","ping_status":"closed","template":"","meta":{"footnotes":""},"class_list":["post-5556","page","type-page","status-publish","hentry"],"_links":{"self":[{"href":"https:\/\/jardininfantilpenequita.cl\/index.php?rest_route=\/wp\/v2\/pages\/5556","targetHints":{"allow":["GET"]}}],"collection":[{"href":"https:\/\/jardininfantilpenequita.cl\/index.php?rest_route=\/wp\/v2\/pages"}],"about":[{"href":"https:\/\/jardininfantilpenequita.cl\/index.php?rest_route=\/wp\/v2\/types\/page"}],"author":[{"embeddable":true,"href":"https:\/\/jardininfantilpenequita.cl\/index.php?rest_route=\/wp\/v2\/users\/1"}],"replies":[{"embeddable":true,"href":"https:\/\/jardininfantilpenequita.cl\/index.php?rest_route=%2Fwp%2Fv2%2Fcomments&post=5556"}],"version-history":[{"count":32,"href":"https:\/\/jardininfantilpenequita.cl\/index.php?rest_route=\/wp\/v2\/pages\/5556\/revisions"}],"predecessor-version":[{"id":7544,"href":"https:\/\/jardininfantilpenequita.cl\/index.php?rest_route=\/wp\/v2\/pages\/5556\/revisions\/7544"}],"wp:attachment":[{"href":"https:\/\/jardininfantilpenequita.cl\/index.php?rest_route=%2Fwp%2Fv2%2Fmedia&parent=5556"}],"curies":[{"name":"wp","href":"https:\/\/api.w.org\/{rel}","templated":true}]}}